{"id":912,"date":"2015-10-02T06:25:15","date_gmt":"2015-10-02T06:25:15","guid":{"rendered":"http:\/\/www.morawealth.com\/de\/terms-and-conditions\/"},"modified":"2019-06-11T11:00:38","modified_gmt":"2019-06-11T11:00:38","slug":"terms-and-conditions","status":"publish","type":"page","link":"https:\/\/www.borealcm.com\/de\/terms-and-conditions\/","title":{"rendered":"AGB"},"content":{"rendered":"<p>Durch das Aufrufen unserer Website (www.morawealth.com) erkl\u00e4ren Sie sich mit den nachstehenden Rechtshinweisen und Bedingungen betreffend diese Seite und alle auf ihr ver\u00f6ffentlichten Materialien einverstanden. Diese Rechtshinweise k\u00f6nnen von uns jederzeit aktualisiert werden. Wenn Sie die Website nach jedweder solcher Aktualisierungen weiterhin nutzen, stellt dies Ihre Billigung der Rechtshinweise und Bedingungen dar. <em>Wenn Sie mit den Nutzungsbestimmungen aus welchem Grund auch immer nicht einverstanden sind, bitten wir Sie, diese Seite nicht zu benutzen.<\/em><\/p>\n<h3><strong>Keine Angebote oder Empfehlungen<\/strong><\/h3>\n<p>Sie erkennen an, dass der Inhalt dieser Seite ausschlie\u00dflich allgemeinen Informationszwecken dient und kein Kauf- oder Verkaufsangebot f\u00fcr Wertpapiere und keine Zusage zur Aufnahme oder zum Abschluss von Gesch\u00e4ften darstellt. Somit darf der Inhalt dieser Seite im Zusammenhang mit einem Angebot oder einem Verkauf von Wertpapieren nicht herangezogen werden. Ein Angebot oder eine Aufforderung erfolgt ausschlie\u00dflich durch ein endg\u00fcltiges Private Placement Memorandum, durch einen Abonnementvertrag und andere verwandte Unterlagen hinsichtlich einer besonderen Investitionsm\u00f6glichkeit. Dar\u00fcber hinaus unterliegen Angebote und Aufforderungen den in diesen Unterlagen enthaltenen Gesch\u00e4ftsbedingungen sowie den notwendigen Qualifikationen, um Investor zu werden.<\/p>\n<p>Wir verwenden diese Seite nicht zur Verm\u00f6gensberatung oder f\u00fcr eine Beratung anderer Art, und die Inhalte der Seite sind weder als Empfehlung zum Kaufen, Verkaufen oder Halten eines Wertpapiers oder einer anderen Investitionsform anzusehen noch als Ratschlag zum Ausbau einen Investitionsstils oder einer Investitionsstrategie zu bewerten. Wenn Sie investitionsbezogene, buchhalterische oder juristische Beratung w\u00fcnschen, sollten Sie unter Ber\u00fccksichtigung Ihrer eigenen Umst\u00e4nde und Bed\u00fcrfnisse R\u00fccksprache mit Ihren eigenen Beratern halten.<\/p>\n<h3><strong>Keine Garantien<\/strong><\/h3>\n<p>Die Inhalte auf dieser Website wurden mit gr\u00f6\u00dftm\u00f6glicher Sorgfalt zusammengestellt und obwohl wir sehr darum bem\u00fcht sind, auf dieser Seite genaue und aktuelle Informationen zu ver\u00f6ffentlichen, wird f\u00fcr die Inhalte dieser Seite keine M\u00e4ngelgew\u00e4hr und keine Art von Garantie \u00fcbernommen. Wir garantieren nicht, dass die auf dieser Seite enthaltenen Informationen genau, zuverl\u00e4ssig, aktuell oder richtig sind, dass die Seite jederzeit und \u00fcberall verf\u00fcgbar ist oder dass die Seite frei von Viren oder sch\u00e4dlichen Bestandteilen ist. Die Nutzung dieser Website und das Verlassen auf die hier angebotenen Materialen geschieht zu Ihrem alleinigen Risiko.<\/p>\n<h3><strong>\u00c4nderungen des Inhaltes<\/strong><\/h3>\n<p>Nach unserer Wahl k\u00f6nnen wir die Inhalte dieser Seite oder Teile davon ohne vorherige Ank\u00fcndigung ab\u00e4ndern oder l\u00f6schen.<\/p>\n<h3><strong>Vertraulichkeit<\/strong><\/h3>\n<p>Alle im gesch\u00fctzten Bereich der Seite verf\u00fcgbaren Informationen sind vertraulich und in unserem Besitz. Darunter werden alle Investitionsinformationen und Ergebnisse, angebotenen Materialien, Konzernabschl\u00fcsse und andere Informationen, die in diesem Bereich der Seite verf\u00fcgbar sind, verstanden. Sie werden nach besten Kr\u00e4ften bem\u00fcht sein, all diese Informationen streng vertraulich zu behandeln. Sie werden diese Informationen nicht Dritten offenlegen oder sie f\u00fcr andere als die von uns strengstens schriftlich erlaubten Zwecke verwenden.<\/p>\n<h3><strong>Login-ID und Passw\u00f6rter<\/strong><\/h3>\n<p>F\u00fcr den Zugang zu bestimmten Bereichen dieser Seite ist die Verwendung einer Login-ID und eines dazugeh\u00f6rigen Passwortes notwendig. Sie erkl\u00e4ren sich damit einverstanden diese Informationen vertraulich zu behandeln und sie nicht an Dritte weiterzugeben. Davon ausgenommen sind Ihre Angestellten, Anw\u00e4lte und andere professionelle Berater, die die Informationen ben\u00f6tigen, um Sie in Bezug auf Ihre Investitionen zu beraten. Wenn Sie \u00fcber eine Login-ID und ein Passwort verf\u00fcgen, sind Sie f\u00fcr die Aktivit\u00e4ten, die in Zusammenhang mit deren Verwendung erfolgen, verantwortlich. Somit sollten Sie geeignete Vorkehrungen treffen, um Login-ID und Passwort vor Missbrauch zu sch\u00fctzen. Wenn Sie eine unautorisierte Verwendung, den Verlust oder einen Diebstahl Ihrer Login-ID und Ihres Passwortes bemerken, werden Sie unverz\u00fcglich eine unserer verantwortlichen Personen informieren.<\/p>\n<h3><strong>Internationale Verwendung<\/strong><\/h3>\n<p>Diese Seite wird von uns in den Vereinigten Staaten von Amerika betrieben und verwaltet. Aufgrund des globalen Charakters des Internets ist diese Seite auch f\u00fcr alle Nutzer au\u00dferhalb der Vereinigten Staaten von Amerika zug\u00e4nglich. Wir geben keinerlei Garantie, dass Materialien auf dieser Website f\u00fcr die Nutzung in diesen Gebieten geeignet sind. Wenn das Aufrufen oder Verwenden dieser Seite illegal oder verboten ist, sollten Sie dies unterlassen. Alle, die diese Seite au\u00dferhalb der Vereinigten Staaten von Amerika aufrufen, tun dies auf eigene Initiative und sind f\u00fcr die Einhaltung lokaler Gesetze und Vorschriften selbst verantwortlich.<\/p>\n<h3><strong>Eigentum<\/strong><\/h3>\n<p>Alle auf dieser Seite enthaltenen Inhalte wie Grafiken, Logos, Artikel und andere Materialien sind im Besitz unserer Organisation oder anderer Organisationen und durch das Urheberrecht oder andere Gesetze gesch\u00fctzt.<\/p>\n<p>Alle auf dieser Seite enthaltenen Markenzeichen und Logos sind im Besitz ihrer jeweiligen Inhaber, die in unser Unternehmen eingegliedert sein k\u00f6nnen oder nicht. Nichts auf dieser Website darf dahingehend ausgelegt werden, weder stillschweigend noch durch Rechtsverwirkung oder auf andere Weise, dass diese Website oder deren Inhalt oder Markenzeichen ohne vorherige schriftliche Erlaubnis durch unsere Organisation oder betroffene Dritte, die das Urheber- oder Markenzeichenrecht auf dem auf dieser Website dargestellten Material besitzen, genutzt werden d\u00fcrfen.<\/p>\n<h3><strong>Verwendungsbeschr\u00e4nkungen<\/strong><\/h3>\n<p>Unsere vorherige Zustimmung wird ben\u00f6tigt f\u00fcr (i) jegliche kommerzielle Nutzung der Materialien auf dieser Seite; (ii) die Erstellung von mehr als minimaler Kopien der auf der Seite enthaltenen Materialien; und (iii) f\u00fcr die Verwendung gro\u00dfer Teile unserer Seite mittels Bots, Robots oder Spiders, die die Seite \u201enutzen\u201c. Wenn Sie eine Genehmigung f\u00fcr eine derartige Verwendung unserer Seite anfordern m\u00f6chten, kontaktieren Sie uns bitte unter <a href=\"mailto:webmaster@bcm.com\">webmaster@bcm.com<\/a>. Jegliche unautorisierte Verwendung der Bilder kann gegen die Urheberrechte, Markenrechte, Gesetze zum Datenschutz und zur Ver\u00f6ffentlichung sowie gegen Kommunikations-Verordnungen und Gesetze versto\u00dfen.<\/p>\n<p>Sie gew\u00e4hrleisten, dass Sie bei der Nutzung dieser Seite nicht gegen anwendbare lokale, landesweite, bundesweite oder internationale Gesetze, Statuten, Verordnungen, Kodizes oder Verf\u00fcgungen versto\u00dfen oder derartige Verst\u00f6\u00dfe erleichtern. Darunter werden ohne Einschr\u00e4nkung auch Regulierungen verstanden, die von nationalen Wertpapierb\u00f6rsen oder durch deren Vorschriften erlassen wurden. Die durch diese Nutzungsbestimmungen einger\u00e4umte Erlaubnis, diese Seite zu nutzen, endet, sobald Sie gegen eine der hierin enthaltenen Bestimmungen versto\u00dfen.<\/p>\n<h3><strong>Haftungsbeschr\u00e4nkung<\/strong><\/h3>\n<p>Wir sind nicht verantwortlich f\u00fcr eventuelle Sch\u00e4den oder Verletzungen einschlie\u00dflich, jedoch nicht ausschlie\u00dflich besondere indirekte, zuf\u00e4llige oder Folgesch\u00e4den, die aus Ihrer Nutzung (oder Nutzungsunf\u00e4higkeit) dieser Website hervorgehen. Darunter werden auch alle Sch\u00e4den oder Verletzungen verstanden, die durch Nichterf\u00fcllung, Fehler, Unterlassung, Unterbrechung, Defekt, Versp\u00e4tungen im Betrieb, Computerviren, Leitungsfehler oder anderer Computerprobleme hervorgerufen werden. Sie erkl\u00e4ren sich ausdr\u00fccklich damit einverstanden, dass die Nutzung dieser Seite auf Ihrem Verzicht auf Ihr Recht uns oder unsere Tochtergesellschaften zu klagen oder an einer Sammelklage bez\u00fcglich eventueller Verluste oder Sch\u00e4den aufgrund der Nutzung dieser Seite teilzunehmen, beruht.<\/p>\n<h3><strong>Links von anderen Webseiten<\/strong><\/h3>\n<p>Diese Seite kann Links zu anderen Seiten enthalten oder von anderen Webseiten verlinkt sein, die nicht von uns gewartet werden und auf die wir keinen Zugriff haben. Wir unterst\u00fctzen andere Seiten nicht, sind nicht f\u00fcr Sie verantwortlich und repr\u00e4sentieren sie nicht. Darunter fallen auch ihre Produkte und Dienstleistungen, ihr Inhalt, ihre Kommunikationen und ihre Nutzungsbedingungen. Wir weisen ausdr\u00fccklich darauf hin, dass wir keine Verantwortung f\u00fcr Ihren Zugang zu solchen anderen Seiten \u00fcbernehmen.<\/p>\n<h3><strong>Vergangene Performance<\/strong><\/h3>\n<p>Jegliche Leistungsdaten oder Kommentare, die auf dieser Seite zu finden sind, gelten als Angabe der vergangenen Performance. Die vergangene Performance ist kein Hinweis auf zuk\u00fcnftige Ergebnisse; es wird keine Zusicherung gegeben, dass jegliche Investitionen wahrscheinlich Gewinde oder Verluste erzielen werden, die jenen in der Vergangenheit \u00e4hnlich sind, oder dass erhebliche Verluste vermieden werden.<\/p>\n<h3><strong>Anwendbares Recht<\/strong><\/h3>\n<p>Sie erkl\u00e4ren sich damit einverstanden, dass Ihre Nutzung dieser Webseite und alle daraus entstehenden Rechtsstreitigkeiten in jeder Hinsicht den Gesetzen des Bundesstaates Florida unterliegen sollen. Jede Rechtsstreitigkeit, die sich auf obige Aussagen bezieht, wird ausschlie\u00dflich vor Staats- oder Bundesgerichten verhandelt, die in Miami, Florida, ans\u00e4ssig sind.<\/p>\n<h3><strong>Kontaktdaten<\/strong><\/h3>\n<p>Danke, dass Sie unsere Seite besucht haben. Bitte kontaktieren Sie uns via <a href=\"mailto:webmaster@bcm.com\">webmaster@bcm.com<\/a>, wenn Sie Fragen zu unserer Seite, den rechtlichen Hinweisen oder den Nutzungsbedingungen haben. E-Mails oder andere \u00fcber diese Seite an BOREAL CAPITAL MANAGEMENT (oder an die Angestellten, Agenten oder Vertreter) \u00fcbermittelte Kommunikation ist nicht gesichert und wir \u00fcbernehmen keine Garantie f\u00fcr derartige Kommunikation.<\/p>\n","protected":false},"excerpt":{"rendered":"<p>Durch das Aufrufen unserer Website (www.morawealth.com) erkl\u00e4ren Sie sich mit den nachstehenden Rechtshinweisen und Bedingungen betreffend diese Seite und alle auf ihr ver\u00f6ffentlichten Materialien einverstanden. Diese Rechtshinweise k\u00f6nnen von uns jederzeit aktualisiert werden. Wenn Sie die Website nach jedweder solcher Aktualisierungen weiterhin nutzen, stellt dies Ihre Billigung der Rechtshinweise und Bedingungen dar. Wenn Sie mit &hellip; <a href=\"https:\/\/www.borealcm.com\/de\/terms-and-conditions\/\">Continued<\/a><\/p>\n","protected":false},"author":1,"featured_media":0,"parent":0,"menu_order":0,"comment_status":"closed","ping_status":"closed","template":"template-simple.php","meta":{"_acf_changed":false,"_monsterinsights_skip_tracking":false,"_monsterinsights_sitenote_active":false,"_monsterinsights_sitenote_note":"","_monsterinsights_sitenote_category":0,"footnotes":""},"class_list":["post-912","page","type-page","status-publish","hentry"],"acf":[],"post_mailing_queue_ids":[],"_links":{"self":[{"href":"https:\/\/www.borealcm.com\/de\/wp-json\/wp\/v2\/pages\/912","targetHints":{"allow":["GET"]}}],"collection":[{"href":"https:\/\/www.borealcm.com\/de\/wp-json\/wp\/v2\/pages"}],"about":[{"href":"https:\/\/www.borealcm.com\/de\/wp-json\/wp\/v2\/types\/page"}],"author":[{"embeddable":true,"href":"https:\/\/www.borealcm.com\/de\/wp-json\/wp\/v2\/users\/1"}],"replies":[{"embeddable":true,"href":"https:\/\/www.borealcm.com\/de\/wp-json\/wp\/v2\/comments?post=912"}],"version-history":[{"count":0,"href":"https:\/\/www.borealcm.com\/de\/wp-json\/wp\/v2\/pages\/912\/revisions"}],"wp:attachment":[{"href":"https:\/\/www.borealcm.com\/de\/wp-json\/wp\/v2\/media?parent=912"}],"curies":[{"name":"wp","href":"https:\/\/api.w.org\/{rel}","templated":true}]}}